{"id":6,"date":"2023-05-07T18:01:03","date_gmt":"2023-05-07T18:01:03","guid":{"rendered":"https:\/\/vantastic.si\/?page_id=6"},"modified":"2023-05-17T06:18:30","modified_gmt":"2023-05-17T06:18:30","slug":"vans-for-rent","status":"publish","type":"page","link":"https:\/\/vantastic.si\/index.php\/vans-for-rent\/","title":{"rendered":"Kamperji"},"content":{"rendered":"\t\t<div data-elementor-type=\"wp-page\" data-elementor-id=\"6\" class=\"elementor elementor-6\">\n\t\t\t\t\t\t<section class=\"elementor-section elementor-top-section elementor-element elementor-element-422748d elementor-section-boxed elementor-section-height-default elementor-section-height-default\" data-id=\"422748d\" data-element_type=\"section\">\n\t\t\t\t\t\t<div class=\"elementor-container elementor-column-gap-default\">\n\t\t\t\t\t<div class=\"elementor-column elementor-col-50 elementor-top-column elementor-element elementor-element-4d0e461 animated-slow elementor-invisible\" data-id=\"4d0e461\" data-element_type=\"column\" data-settings=\"{&quot;animation&quot;:&quot;fadeInLeft&quot;}\">\n\t\t\t<div class=\"elementor-widget-wrap elementor-element-populated\">\n\t\t\t\t\t\t<div class=\"elementor-element elementor-element-a58df2a elementor-widget elementor-widget-heading\" data-id=\"a58df2a\" data-element_type=\"widget\" data-widget_type=\"heading.default\">\n\t\t\t\t<div class=\"elementor-widget-container\">\n\t\t\t\t\t<h2 class=\"elementor-heading-title elementor-size-default\">Zakaj potovati z van-om?<\/h2>\t\t\t\t<\/div>\n\t\t\t\t<\/div>\n\t\t\t\t<div class=\"elementor-element elementor-element-90eb8ba elementor-widget elementor-widget-text-editor\" data-id=\"90eb8ba\" data-element_type=\"widget\" data-widget_type=\"text-editor.default\">\n\t\t\t\t<div class=\"elementor-widget-container\">\n\t\t\t\t\t\t\t\t\t<p>Preden sva se odlo\u010dila kak\u0161en tip vozila bi rada oddajala, sva se tudi sama odpravila na dalj\u0161e potovanje po Sardiniji. Ideja najinega dopusta je bila, da bi nama vozilo omogo\u010dalo bivanje \u201coff-grid\u201d a vseeno ponudilo vse kar potrebujeva za udobno \u017eivljenje. Hitro sva ugotovila, da je veliko lokacij te\u017eje dostopnih, katere bi s klasi\u010dnim avtodomom morala presko\u010diti. Odlo\u010ditev je bila torej jasna. Vozilo mora biti zasnovano na kombi podvozju.<\/p>\t\t\t\t\t\t\t\t<\/div>\n\t\t\t\t<\/div>\n\t\t\t\t\t<\/div>\n\t\t<\/div>\n\t\t\t\t<div class=\"elementor-column elementor-col-50 elementor-top-column elementor-element elementor-element-a17812f\" data-id=\"a17812f\" data-element_type=\"column\">\n\t\t\t<div class=\"elementor-widget-wrap elementor-element-populated\">\n\t\t\t\t\t\t<div class=\"elementor-element elementor-element-9cb4575 elementor-widget elementor-widget-image\" data-id=\"9cb4575\" data-element_type=\"widget\" data-widget_type=\"image.default\">\n\t\t\t\t<div class=\"elementor-widget-container\">\n\t\t\t\t\t\t\t\t\t\t\t\t\t\t\t<img fetchpriority=\"high\" decoding=\"async\" width=\"700\" height=\"465\" src=\"https:\/\/vantastic.si\/wp-content\/uploads\/2023\/05\/hymer_free_s_blue_evolution_dsc09930-1-700x465.webp\" class=\"attachment-business-insights-related-post size-business-insights-related-post wp-image-76\" alt=\"\" srcset=\"https:\/\/vantastic.si\/wp-content\/uploads\/2023\/05\/hymer_free_s_blue_evolution_dsc09930-1-700x465.webp 700w, https:\/\/vantastic.si\/wp-content\/uploads\/2023\/05\/hymer_free_s_blue_evolution_dsc09930-1-300x200.webp 300w\" sizes=\"(max-width: 700px) 100vw, 700px\" \/>\t\t\t\t\t\t\t\t\t\t\t\t\t\t\t<\/div>\n\t\t\t\t<\/div>\n\t\t\t\t\t<\/div>\n\t\t<\/div>\n\t\t\t\t\t<\/div>\n\t\t<\/section>\n\t\t\t\t<section class=\"elementor-section elementor-top-section elementor-element elementor-element-0671437 elementor-section-boxed elementor-section-height-default elementor-section-height-default\" data-id=\"0671437\" data-element_type=\"section\">\n\t\t\t\t\t\t<div class=\"elementor-container elementor-column-gap-default\">\n\t\t\t\t\t<div class=\"elementor-column elementor-col-50 elementor-top-column elementor-element elementor-element-1502111\" data-id=\"1502111\" data-element_type=\"column\">\n\t\t\t<div class=\"elementor-widget-wrap elementor-element-populated\">\n\t\t\t\t\t\t<div class=\"elementor-element elementor-element-54f4cae elementor-widget-divider--view-line elementor-widget elementor-widget-divider\" data-id=\"54f4cae\" data-element_type=\"widget\" data-widget_type=\"divider.default\">\n\t\t\t\t<div class=\"elementor-widget-container\">\n\t\t\t\t\t\t\t<div class=\"elementor-divider\">\n\t\t\t<span class=\"elementor-divider-separator\">\n\t\t\t\t\t\t<\/span>\n\t\t<\/div>\n\t\t\t\t\t\t<\/div>\n\t\t\t\t<\/div>\n\t\t\t\t\t<\/div>\n\t\t<\/div>\n\t\t\t\t<div class=\"elementor-column elementor-col-50 elementor-top-column elementor-element elementor-element-616e2db\" data-id=\"616e2db\" data-element_type=\"column\">\n\t\t\t<div class=\"elementor-widget-wrap elementor-element-populated\">\n\t\t\t\t\t\t<div class=\"elementor-element elementor-element-57527ca elementor-widget-divider--view-line elementor-widget elementor-widget-divider\" data-id=\"57527ca\" data-element_type=\"widget\" data-widget_type=\"divider.default\">\n\t\t\t\t<div class=\"elementor-widget-container\">\n\t\t\t\t\t\t\t<div class=\"elementor-divider\">\n\t\t\t<span class=\"elementor-divider-separator\">\n\t\t\t\t\t\t<\/span>\n\t\t<\/div>\n\t\t\t\t\t\t<\/div>\n\t\t\t\t<\/div>\n\t\t\t\t\t<\/div>\n\t\t<\/div>\n\t\t\t\t\t<\/div>\n\t\t<\/section>\n\t\t\t\t<section class=\"elementor-section elementor-top-section elementor-element elementor-element-54ed0a7 elementor-section-boxed elementor-section-height-default elementor-section-height-default\" data-id=\"54ed0a7\" data-element_type=\"section\">\n\t\t\t\t\t\t<div class=\"elementor-container elementor-column-gap-default\">\n\t\t\t\t\t<div class=\"elementor-column elementor-col-50 elementor-top-column elementor-element elementor-element-b39a6f6\" data-id=\"b39a6f6\" data-element_type=\"column\">\n\t\t\t<div class=\"elementor-widget-wrap elementor-element-populated\">\n\t\t\t\t\t\t<div class=\"elementor-element elementor-element-244b5e2 elementor-widget elementor-widget-image\" data-id=\"244b5e2\" data-element_type=\"widget\" data-widget_type=\"image.default\">\n\t\t\t\t<div class=\"elementor-widget-container\">\n\t\t\t\t\t\t\t\t\t\t\t\t\t\t\t<img decoding=\"async\" width=\"700\" height=\"465\" src=\"https:\/\/vantastic.si\/wp-content\/uploads\/2023\/05\/Hymer_feee_s_blue_evolution-700x465.jpg\" class=\"attachment-business-insights-related-post size-business-insights-related-post wp-image-15\" alt=\"\" srcset=\"https:\/\/vantastic.si\/wp-content\/uploads\/2023\/05\/Hymer_feee_s_blue_evolution-700x465.jpg 700w, https:\/\/vantastic.si\/wp-content\/uploads\/2023\/05\/Hymer_feee_s_blue_evolution-300x199.jpg 300w, https:\/\/vantastic.si\/wp-content\/uploads\/2023\/05\/Hymer_feee_s_blue_evolution-1024x680.jpg 1024w, https:\/\/vantastic.si\/wp-content\/uploads\/2023\/05\/Hymer_feee_s_blue_evolution-768x510.jpg 768w, https:\/\/vantastic.si\/wp-content\/uploads\/2023\/05\/Hymer_feee_s_blue_evolution-1536x1020.jpg 1536w, https:\/\/vantastic.si\/wp-content\/uploads\/2023\/05\/Hymer_feee_s_blue_evolution-2048x1360.jpg 2048w\" sizes=\"(max-width: 700px) 100vw, 700px\" \/>\t\t\t\t\t\t\t\t\t\t\t\t\t\t\t<\/div>\n\t\t\t\t<\/div>\n\t\t\t\t\t<\/div>\n\t\t<\/div>\n\t\t\t\t<div class=\"elementor-column elementor-col-50 elementor-top-column elementor-element elementor-element-8a99601 animated-slow elementor-invisible\" data-id=\"8a99601\" data-element_type=\"column\" data-settings=\"{&quot;animation&quot;:&quot;fadeInRight&quot;}\">\n\t\t\t<div class=\"elementor-widget-wrap elementor-element-populated\">\n\t\t\t\t\t\t<div class=\"elementor-element elementor-element-830774b elementor-widget elementor-widget-heading\" data-id=\"830774b\" data-element_type=\"widget\" data-widget_type=\"heading.default\">\n\t\t\t\t<div class=\"elementor-widget-container\">\n\t\t\t\t\t<h2 class=\"elementor-heading-title elementor-size-default\">Van-tasti\u010dne destinacije<\/h2>\t\t\t\t<\/div>\n\t\t\t\t<\/div>\n\t\t\t\t<div class=\"elementor-element elementor-element-8124ef1 elementor-widget elementor-widget-text-editor\" data-id=\"8124ef1\" data-element_type=\"widget\" data-widget_type=\"text-editor.default\">\n\t\t\t\t<div class=\"elementor-widget-container\">\n\t\t\t\t\t\t\t\t\t<p>Potovanje s kombijem je avantura. Preden se odlo\u010dite za destinacijo, pa vam priporo\u010dava, da preverite katere dr\u017eave dopu\u0161\u010dajo divje kampiranje in kje je to prepovedano. V nekaterih dr\u017eavah lahko mirno kempirate prakti\u010dno povsod (Gr\u010dija), medtem, ko v nekaterih dr\u017eavah tako dejanje tudi oglobijo. Lep primer je Slovenija ali sosednja Hrva\u0161ka. Pred odhodom torej le preverite ali destinacija ustreza va\u0161im \u017eeljam dopustovanja.<\/p>\t\t\t\t\t\t\t\t<\/div>\n\t\t\t\t<\/div>\n\t\t\t\t\t<\/div>\n\t\t<\/div>\n\t\t\t\t\t<\/div>\n\t\t<\/section>\n\t\t\t\t<\/div>\n\t\t","protected":false},"excerpt":{"rendered":"<p>Zakaj potovati z van-om? Preden sva se odlo\u010dila kak\u0161en tip vozila bi rada oddajala, sva se tudi sama odpravila na dalj\u0161e potovanje po Sardiniji. Ideja najinega dopusta je bila, da bi nama vozilo omogo\u010dalo bivanje \u201coff-grid\u201d a vseeno ponudilo vse kar potrebujeva za udobno \u017eivljenje. Hitro sva ugotovila, da je [&hellip;]<\/p>\n","protected":false},"author":1,"featured_media":0,"parent":0,"menu_order":0,"comment_status":"closed","ping_status":"closed","template":"","meta":{"footnotes":""},"class_list":["post-6","page","type-page","status-publish","hentry"],"_links":{"self":[{"href":"https:\/\/vantastic.si\/index.php\/wp-json\/wp\/v2\/pages\/6","targetHints":{"allow":["GET"]}}],"collection":[{"href":"https:\/\/vantastic.si\/index.php\/wp-json\/wp\/v2\/pages"}],"about":[{"href":"https:\/\/vantastic.si\/index.php\/wp-json\/wp\/v2\/types\/page"}],"author":[{"embeddable":true,"href":"https:\/\/vantastic.si\/index.php\/wp-json\/wp\/v2\/users\/1"}],"replies":[{"embeddable":true,"href":"https:\/\/vantastic.si\/index.php\/wp-json\/wp\/v2\/comments?post=6"}],"version-history":[{"count":26,"href":"https:\/\/vantastic.si\/index.php\/wp-json\/wp\/v2\/pages\/6\/revisions"}],"predecessor-version":[{"id":581,"href":"https:\/\/vantastic.si\/index.php\/wp-json\/wp\/v2\/pages\/6\/revisions\/581"}],"wp:attachment":[{"href":"https:\/\/vantastic.si\/index.php\/wp-json\/wp\/v2\/media?parent=6"}],"curies":[{"name":"wp","href":"https:\/\/api.w.org\/{rel}","templated":true}]}}